{"id":379,"date":"2024-05-04T11:18:32","date_gmt":"2024-05-04T08:18:32","guid":{"rendered":"https:\/\/multilingua.services\/home\/"},"modified":"2024-05-08T16:02:16","modified_gmt":"2024-05-08T13:02:16","slug":"home","status":"publish","type":"page","link":"https:\/\/multilingua.services\/de\/","title":{"rendered":"Startseite"},"content":{"rendered":"<section class=\"l-section wpb_row height_auto\"><div class=\"l-section-h i-cf\"><div class=\"g-cols vc_row via_flex valign_top type_default stacking_default\"><div class=\"vc_col-sm-12 wpb_column vc_column_container\"><div class=\"vc_column-inner\"><div class=\"wpb_wrapper\"><div class=\"w-grid type_carousel layout_28\" id=\"us_grid_1\" style=\"--gap:1.5rem;\"><style>.layout_28 .w-grid-item-h{border-radius:0.5rem}.layout_28 .usg_post_custom_field_1{color:#ffffff!important;font-size:30px!important;line-height:40px!important;font-family:Montserrat!important;font-weight:600!important;margin-left:20px!important;border-radius:5px!important;padding:10px!important;background:#674736!important}.layout_28 .usg_hwrapper_1{padding-top:150px!important;padding-bottom:150px!important;border-radius:10px!important;position:static!important}.layout_28 .usg_post_custom_field_2{color:#ffffff!important;font-size:30px!important;line-height:40px!important;font-family:Montserrat!important;font-weight:600!important;margin-left:20px!important;border-radius:5px!important;padding:10px!important;background:#674736!important}.layout_28 .usg_post_custom_field_3{color:#ffffff!important;font-size:30px!important;line-height:40px!important;font-family:Montserrat!important;font-weight:600!important;margin-left:20px!important;border-radius:5px!important;padding:10px!important;background:#674736!important}@media (min-width:1025px) and (max-width:1380px){.layout_28 .usg_post_custom_field_1{color:#ffffff!important;font-size:30px!important;line-height:40px!important;font-family:Montserrat!important;font-weight:600!important}.layout_28 .usg_post_custom_field_2{color:#ffffff!important;font-size:30px!important;line-height:40px!important;font-family:Montserrat!important;font-weight:600!important}.layout_28 .usg_post_custom_field_3{color:#ffffff!important;font-size:30px!important;line-height:40px!important;font-family:Montserrat!important;font-weight:600!important}}@media (min-width:601px) and (max-width:1024px){.layout_28 .usg_post_custom_field_1{color:#ffffff!important;font-size:30px!important;line-height:40px!important;font-family:Montserrat!important;font-weight:600!important}.layout_28 .usg_post_custom_field_2{color:#ffffff!important;font-size:30px!important;line-height:40px!important;font-family:Montserrat!important;font-weight:600!important}.layout_28 .usg_post_custom_field_3{color:#ffffff!important;font-size:30px!important;line-height:40px!important;font-family:Montserrat!important;font-weight:600!important}}@media (max-width:600px){.layout_28 .usg_post_custom_field_1{color:#ffffff!important;font-size:22px!important;line-height:32px!important;font-family:Montserrat!important;font-weight:600!important}.layout_28 .usg_post_custom_field_2{color:#ffffff!important;font-size:22px!important;line-height:32px!important;font-family:Montserrat!important;font-weight:600!important}.layout_28 .usg_post_custom_field_3{color:#ffffff!important;font-size:22px!important;line-height:32px!important;font-family:Montserrat!important;font-weight:600!important}}<\/style><div class=\"w-grid-list owl-carousel navstyle_circle navpos_outside\">\t<article class=\"w-grid-item post-439 slider type-slider status-publish has-post-thumbnail hentry\" data-id=\"439\">\r\n\t\t<div class=\"w-grid-item-h\">\r\n\t\t\t\t\t\t<div class=\"w-hwrapper usg_hwrapper_1 align_none valign_top\"><div class=\"w-vwrapper usg_vwrapper_1 align_none valign_top\" style=\"--vwrapper-gap:0.5rem\"><div class=\"w-post-elm post_custom_field usg_post_custom_field_1 has_text_color type_text title_one color_link_inherit has_border_radius\"><span class=\"w-post-elm-value\">UKRAINISCHE<\/span><\/div><div class=\"w-post-elm post_custom_field usg_post_custom_field_2 has_text_color type_text title_two color_link_inherit has_border_radius\"><span class=\"w-post-elm-value\">RUSSISCH<\/span><\/div><div class=\"w-post-elm post_custom_field usg_post_custom_field_3 has_text_color type_text title_three color_link_inherit has_border_radius\"><span class=\"w-post-elm-value\">DEUTSCHE<\/span><\/div><\/div><\/div>\t\t<\/div>\r\n\t\t\t\t\t<style>.layout_28 .post-439 .usg_hwrapper_1{background:url(https:\/\/multilingua.services\/wp-content\/uploads\/2024\/05\/2024-05-08-11.25.24-scaled.jpg) no-repeat 50% \/ cover!important}<\/style>\r\n\t\t\t<\/article>\r\n\t<article class=\"w-grid-item post-436 slider type-slider status-publish has-post-thumbnail hentry\" data-id=\"436\">\r\n\t\t<div class=\"w-grid-item-h\">\r\n\t\t\t\t\t\t<div class=\"w-hwrapper usg_hwrapper_1 align_none valign_top\"><div class=\"w-vwrapper usg_vwrapper_1 align_none valign_top\" style=\"--vwrapper-gap:0.5rem\"><div class=\"w-post-elm post_custom_field usg_post_custom_field_1 has_text_color type_text title_one color_link_inherit has_border_radius\"><span class=\"w-post-elm-value\">UKRAINISCHE<\/span><\/div><div class=\"w-post-elm post_custom_field usg_post_custom_field_2 has_text_color type_text title_two color_link_inherit has_border_radius\"><span class=\"w-post-elm-value\">RUSSISCH<\/span><\/div><div class=\"w-post-elm post_custom_field usg_post_custom_field_3 has_text_color type_text title_three color_link_inherit has_border_radius\"><span class=\"w-post-elm-value\">DEUTSCH<\/span><\/div><\/div><\/div>\t\t<\/div>\r\n\t\t\t\t\t<style>.layout_28 .post-436 .usg_hwrapper_1{background:url(https:\/\/multilingua.services\/wp-content\/uploads\/2024\/05\/2024-05-08-11.39.39.jpg) no-repeat 50% \/ cover!important}<\/style>\r\n\t\t\t<\/article>\r\n<\/div>\t<div class=\"g-preloader type_1\">\r\n\t\t<div><\/div>\r\n\t<\/div>\r\n\t\t<div class=\"w-grid-json hidden\" onclick='return {&quot;action&quot;:&quot;us_ajax_grid&quot;,&quot;infinite_scroll&quot;:0,&quot;max_num_pages&quot;:1,&quot;pagination&quot;:&quot;none&quot;,&quot;template_vars&quot;:{&quot;columns&quot;:&quot;1&quot;,&quot;exclude_items&quot;:&quot;none&quot;,&quot;img_size&quot;:&quot;default&quot;,&quot;ignore_items_size&quot;:0,&quot;items_layout&quot;:&quot;28&quot;,&quot;items_offset&quot;:&quot;1&quot;,&quot;load_animation&quot;:&quot;none&quot;,&quot;overriding_link&quot;:&quot;%7B%22url%22%3A%22%22%7D&quot;,&quot;post_id&quot;:0,&quot;query_args&quot;:{&quot;ignore_sticky_posts&quot;:1,&quot;post_type&quot;:&quot;any&quot;,&quot;post__in&quot;:[&quot;22&quot;,&quot;84&quot;],&quot;posts_per_page&quot;:&quot;50&quot;},&quot;orderby_query_args&quot;:{&quot;orderby&quot;:{&quot;post__in&quot;:&quot;ASC&quot;},&quot;order&quot;:&quot;ASC&quot;},&quot;type&quot;:&quot;carousel&quot;,&quot;us_grid_post_type&quot;:&quot;ids&quot;,&quot;us_grid_ajax_index&quot;:1,&quot;us_grid_filter_params&quot;:[],&quot;us_grid_index&quot;:1,&quot;page_args&quot;:[],&quot;lang&quot;:&quot;de&quot;},&quot;carousel_settings&quot;:{&quot;autoHeight&quot;:0,&quot;autoplay&quot;:0,&quot;carousel_fade&quot;:0,&quot;center&quot;:0,&quot;dots&quot;:0,&quot;items&quot;:&quot;1&quot;,&quot;loop&quot;:false,&quot;nav&quot;:0,&quot;slideby&quot;:&quot;1&quot;,&quot;smooth_play&quot;:0,&quot;speed&quot;:250,&quot;timeout&quot;:3000,&quot;transition&quot;:&quot;&quot;,&quot;aria_labels&quot;:{&quot;prev&quot;:&quot;Zur\\u00fcck&quot;,&quot;next&quot;:&quot;Weiter&quot;}},&quot;carousel_breakpoints&quot;:{&quot;0&quot;:{&quot;autoHeight&quot;:0,&quot;autoplay&quot;:1,&quot;autoplayHoverPause&quot;:1,&quot;items&quot;:1,&quot;loop&quot;:true,&quot;stagePadding&quot;:0},&quot;601&quot;:{&quot;autoHeight&quot;:0,&quot;autoplay&quot;:1,&quot;autoplayHoverPause&quot;:1,&quot;items&quot;:&quot;1&quot;,&quot;loop&quot;:true,&quot;stagePadding&quot;:0},&quot;1025&quot;:{&quot;autoHeight&quot;:0,&quot;autoplay&quot;:1,&quot;autoplayHoverPause&quot;:1,&quot;items&quot;:&quot;1&quot;,&quot;loop&quot;:true,&quot;stagePadding&quot;:0},&quot;1381&quot;:{&quot;items&quot;:1,&quot;stagePadding&quot;:0}}}'><\/div>\r\n\t<\/div><\/div><\/div><\/div><\/div><\/div><\/section><section class=\"l-section wpb_row height_auto\"><div class=\"l-section-h i-cf\"><div class=\"g-cols vc_row via_flex valign_top type_default stacking_default\"><div class=\"vc_col-sm-12 wpb_column vc_column_container\"><div class=\"vc_column-inner\"><div class=\"wpb_wrapper\"><div class=\"w-separator size_custom\" style=\"height:40px\" id=\"ob90\"><style>@media(max-width:600px){ #ob90{height:20px!important}}<\/style><\/div><div class=\"g-cols wpb_row via_flex valign_top type_default stacking_default\"><div class=\"vc_col-sm-2 wpb_column vc_column_container\"><div class=\"vc_column-inner\"><div class=\"wpb_wrapper\"><\/div><\/div><\/div><div class=\"vc_col-sm-8 wpb_column vc_column_container\"><div class=\"vc_column-inner\"><div class=\"wpb_wrapper\"><div class=\"w-text us_custom_8db6792f has_text_color\"><span class=\"w-text-h\"><span class=\"w-text-value\">Willkommen!<\/span><\/span><\/div><div class=\"w-separator size_custom\" style=\"height:20px\"><\/div><div class=\"w-text us_custom_8db6792f has_text_color\"><span class=\"w-text-h\"><span class=\"w-text-value\">Anastasia Kohler-Cozonac<\/span><\/span><\/div><\/div><\/div><\/div><div class=\"vc_col-sm-2 wpb_column vc_column_container\"><div class=\"vc_column-inner\"><div class=\"wpb_wrapper\"><\/div><\/div><\/div><\/div><div class=\"w-separator size_custom\" style=\"height:40px\" id=\"a7fd\"><style>@media(max-width:600px){ #a7fd{height:20px!important}}<\/style><\/div><div class=\"g-cols wpb_row via_flex valign_top type_default stacking_default\"><div class=\"vc_col-sm-6 wpb_column vc_column_container\"><div class=\"vc_column-inner\"><div class=\"wpb_wrapper\"><div class=\"w-image us_custom_9cf479d2 align_center\"><div class=\"w-image-h\"><img decoding=\"async\" width=\"907\" height=\"1280\" src=\"https:\/\/multilingua.services\/wp-content\/uploads\/2024\/05\/2024-05-08-11.23.24.jpg\" class=\"attachment-full size-full\" alt=\"\" loading=\"lazy\" srcset=\"https:\/\/multilingua.services\/wp-content\/uploads\/2024\/05\/2024-05-08-11.23.24.jpg 907w, https:\/\/multilingua.services\/wp-content\/uploads\/2024\/05\/2024-05-08-11.23.24-213x300.jpg 213w, https:\/\/multilingua.services\/wp-content\/uploads\/2024\/05\/2024-05-08-11.23.24-726x1024.jpg 726w\" sizes=\"auto, (max-width: 907px) 100vw, 907px\" \/><\/div><\/div><\/div><\/div><\/div><div class=\"vc_col-sm-6 wpb_column vc_column_container\"><div class=\"vc_column-inner\"><div class=\"wpb_wrapper\"><div class=\"w-text us_custom_c8c97c90 has_text_color\"><span class=\"w-text-h\"><span class=\"w-text-value\">ALLGEMEIN BEEIDIGTE GERICHTSDOLMETSCHERIN UND \u00d6FFENTLICH BESTELLTE \u00dcBERSETZERIN F\u00dcR DIE UKRAINISCHE UND RUSSISCHE SPRACHE IN AUGSBURG, BAYERN<\/span><\/span><\/div><div class=\"w-separator size_custom\" style=\"height:20px\"><\/div><div class=\"w-text us_custom_e8f80287 has_text_color icon_atleft\"><span class=\"w-text-h\"><i class=\"fas fa-caret-right\"><\/i><span class=\"w-text-value\">Sind Sie auf der Suche nach einer professionellen und erfahrenen \u00dcbersetzerin f\u00fcr Ukrainisch und Russisch?<\/span><\/span><\/div><div class=\"w-separator size_custom\" style=\"height:20px\"><\/div><div class=\"w-text us_custom_e8f80287 has_text_color icon_atleft\"><span class=\"w-text-h\"><i class=\"fas fa-caret-right\"><\/i><span class=\"w-text-value\">Ben\u00f6tigen Sie dringend eine beglaubigte \u00dcbersetzung von verschiedenen Dokumenten?<\/span><\/span><\/div><div class=\"w-separator size_custom\" style=\"height:20px\"><\/div><div class=\"w-text us_custom_e8f80287 has_text_color icon_atleft\"><span class=\"w-text-h\"><i class=\"fas fa-caret-right\"><\/i><span class=\"w-text-value\">Ben\u00f6tigen Sie dringend einen Dolmetscher f\u00fcr gesch\u00e4ftliche oder private Angelegenheiten?<\/span><\/span><\/div><div class=\"w-separator size_custom\" style=\"height:10px\"><\/div><div class=\"w-text us_custom_3b238e40 has_text_color icon_atleft\"><span class=\"w-text-h\"><i class=\"far fa-horizontal-rule\"><\/i><span class=\"w-text-value\"><\/span><\/span><\/div><div class=\"w-separator size_custom\" style=\"height:10px\"><\/div><div class=\"wpb_text_column us_custom_577fd3bf has_text_color\"><div class=\"wpb_wrapper\"><p>Dann biete ich Ihnen gerne meine \u00dcbersetzungsdienste an!<\/p>\n<p>Ich bin seit mehr als 5 Jahren als Dolmetscherin und \u00dcbersetzerin der ukrainischen und russischen Sprache t\u00e4tig. Ich bin eine beeidigte und erm\u00e4chtigte \u00dcbersetzerin der ukrainischen, deutschen und russischen Sprache.<\/p>\n<p>Wenn Sie an meinen Dienstleistungen interessiert sind, k\u00f6nnen Sie mehr Informationen auf meiner Seite finden.<\/p>\n<p>Ich danke Ihnen f\u00fcr Ihr Vertrauen und freue mich auf die Zusammenarbeit mit Ihnen!<\/p>\n<\/div><\/div><div class=\"w-separator size_custom\" style=\"height:20px\"><\/div><div class=\"w-btn-wrapper align_none\"><a class=\"w-btn us-btn-style_2\" href=\"\/de\/services\/\"><span class=\"w-btn-label\">Dienstleistungen<\/span><\/a><\/div><\/div><\/div><\/div><\/div><\/div><\/div><\/div><\/div><\/div><\/section><section class=\"l-section wpb_row height_auto\"><div class=\"l-section-h i-cf\"><div class=\"g-cols vc_row via_flex valign_top type_default stacking_default\"><div class=\"vc_col-sm-12 wpb_column vc_column_container\"><div class=\"vc_column-inner\"><div class=\"wpb_wrapper\"><div class=\"w-separator size_custom\" style=\"height:40px\"><\/div><div class=\"g-cols wpb_row via_flex valign_top type_default stacking_default\"><div class=\"vc_col-sm-4 wpb_column vc_column_container\"><div class=\"vc_column-inner\"><div class=\"wpb_wrapper\"><div class=\"w-counter us_custom_3361737e color_custom align_center has_font_size\" data-duration=\"2\"><div class=\"w-counter-value\" style=\"color:#674736;\"><span class=\"w-counter-value-part type_text\" data-final=\"\"><\/span><span class=\"w-counter-value-part type_number\" data-final=\"500\">1<\/span><span class=\"w-counter-value-part type_text\" data-final=\"+\">+<\/span><\/div><p class=\"w-counter-title\" style=\"font-weight:600;\">\u00dcbersetzte Unterlagen<\/p><\/div><\/div><\/div><\/div><div class=\"vc_col-sm-4 wpb_column vc_column_container\"><div class=\"vc_column-inner\"><div class=\"wpb_wrapper\"><div class=\"w-counter us_custom_3361737e color_custom align_center has_font_size\" data-duration=\"2\"><div class=\"w-counter-value\" style=\"color:#674736;\"><span class=\"w-counter-value-part type_text\" data-final=\"\"><\/span><span class=\"w-counter-value-part type_number\" data-final=\"100\">1<\/span><span class=\"w-counter-value-part type_text\" data-final=\"+\">+<\/span><\/div><p class=\"w-counter-title\" style=\"font-weight:600;\">Projekte in verschiedenen Bereichen<\/p><\/div><\/div><\/div><\/div><div class=\"vc_col-sm-4 wpb_column vc_column_container\"><div class=\"vc_column-inner\"><div class=\"wpb_wrapper\"><div class=\"w-counter us_custom_3361737e color_custom align_center has_font_size\" data-duration=\"2\"><div class=\"w-counter-value\" style=\"color:#674736;\"><span class=\"w-counter-value-part type_text\" data-final=\"\"><\/span><span class=\"w-counter-value-part type_number\" data-final=\"700\">1<\/span><span class=\"w-counter-value-part type_text\" data-final=\"+\">+<\/span><\/div><p class=\"w-counter-title\" style=\"font-weight:600;\">Zufriedene Kunden<\/p><\/div><\/div><\/div><\/div><\/div><div class=\"w-separator size_custom\" style=\"height:40px\"><\/div><\/div><\/div><\/div><\/div><\/div><\/section>\n","protected":false},"excerpt":{"rendered":"","protected":false},"author":1,"featured_media":0,"parent":0,"menu_order":0,"comment_status":"closed","ping_status":"closed","template":"","meta":{"_acf_changed":false,"footnotes":""},"class_list":["post-379","page","type-page","status-publish","hentry"],"acf":[],"_links":{"self":[{"href":"https:\/\/multilingua.services\/de\/wp-json\/wp\/v2\/pages\/379","targetHints":{"allow":["GET"]}}],"collection":[{"href":"https:\/\/multilingua.services\/de\/wp-json\/wp\/v2\/pages"}],"about":[{"href":"https:\/\/multilingua.services\/de\/wp-json\/wp\/v2\/types\/page"}],"author":[{"embeddable":true,"href":"https:\/\/multilingua.services\/de\/wp-json\/wp\/v2\/users\/1"}],"replies":[{"embeddable":true,"href":"https:\/\/multilingua.services\/de\/wp-json\/wp\/v2\/comments?post=379"}],"version-history":[{"count":1,"href":"https:\/\/multilingua.services\/de\/wp-json\/wp\/v2\/pages\/379\/revisions"}],"predecessor-version":[{"id":455,"href":"https:\/\/multilingua.services\/de\/wp-json\/wp\/v2\/pages\/379\/revisions\/455"}],"wp:attachment":[{"href":"https:\/\/multilingua.services\/de\/wp-json\/wp\/v2\/media?parent=379"}],"curies":[{"name":"wp","href":"https:\/\/api.w.org\/{rel}","templated":true}]}}